{"id":866,"date":"2026-03-19T12:49:50","date_gmt":"2026-03-19T12:49:50","guid":{"rendered":"https:\/\/serviciolimpiezamadrid.net\/?page_id=866"},"modified":"2026-03-23T11:56:00","modified_gmt":"2026-03-23T11:56:00","slug":"limpieza-de-sala-de-exposicion-de-automoviles","status":"publish","type":"page","link":"https:\/\/serviciolimpiezamadrid.net\/en\/limpieza-de-sala-de-exposicion-de-automoviles\/","title":{"rendered":"Servicio de limpieza de sala de exposici\u00f3n de autom\u00f3viles"},"content":{"rendered":"<div data-elementor-type=\"wp-page\" data-elementor-id=\"866\" class=\"elementor elementor-866\" data-elementor-post-type=\"page\">\n\t\t\t\t\t\t<section data-particle_enable=\"false\" data-particle-mobile-disabled=\"false\" class=\"elementor-section elementor-top-section elementor-element elementor-element-d3af88a animated-fast elementor-section-boxed elementor-section-height-default elementor-section-height-default elementor-invisible\" data-id=\"d3af88a\" data-element_type=\"section\" data-e-type=\"section\" data-settings=\"{&quot;animation&quot;:&quot;zoomIn&quot;}\">\n\t\t\t\t\t\t<div class=\"elementor-container elementor-column-gap-default\">\n\t\t\t\t\t<div class=\"elementor-column elementor-col-100 elementor-top-column elementor-element elementor-element-28c99f6 animated-slow elementor-invisible\" data-id=\"28c99f6\" data-element_type=\"column\" data-e-type=\"column\" data-settings=\"{&quot;animation&quot;:&quot;fadeIn&quot;}\">\n\t\t\t<div class=\"elementor-widget-wrap elementor-element-populated\">\n\t\t\t\t\t\t<div class=\"elementor-element elementor-element-c2db00d elementor-widget elementor-widget-heading\" data-id=\"c2db00d\" data-element_type=\"widget\" data-e-type=\"widget\" data-widget_type=\"heading.default\">\n\t\t\t\t\t<h2 class=\"elementor-heading-title elementor-size-default\">SERVICIO DE LIMPIEZA  DE SALA DE EXPOSICI\u00d3N DE AUTOM\u00d3VILES<\/h2>\t\t\t\t<\/div>\n\t\t\t\t<div class=\"elementor-element elementor-element-ec1a37f elementor-widget elementor-widget-text-editor\" data-id=\"ec1a37f\" data-element_type=\"widget\" data-e-type=\"widget\" data-widget_type=\"text-editor.default\">\n\t\t\t\t\t\t\t\t\t<p style=\"padding-left: 40px;\">Las salas de <span class=\"diff-highlight\">exhibici<\/span>\u00f3n de <span class=\"diff-highlight\">veh<\/span><span class=\"diff-highlight\">\u00ed<\/span><span class=\"diff-highlight\">culos<\/span> <span class=\"diff-highlight\">necesitan<\/span> <span class=\"diff-highlight\">un<\/span> <span class=\"diff-highlight\">aumento<\/span> <span class=\"diff-highlight\">de<\/span> atenci\u00f3n y cuidado para <span class=\"diff-highlight\">facilitar<\/span> <span class=\"diff-highlight\">la<\/span> <span class=\"diff-highlight\">concepci<\/span><span class=\"diff-highlight\">\u00f3<\/span><span class=\"diff-highlight\">n<\/span> <span class=\"diff-highlight\">de<\/span> la experiencia de sus clientes. <span class=\"diff-highlight\">Proporcionamos<\/span> horarios flexibles <span class=\"diff-highlight\">a<\/span> <span class=\"diff-highlight\">satisfacci<\/span><span class=\"diff-highlight\">\u00f3<\/span><span class=\"diff-highlight\">n<\/span> <span class=\"diff-highlight\">de<\/span> sus necesidades, tarde, <span class=\"diff-highlight\">pronto<\/span> <span class=\"diff-highlight\">por<\/span> la ma\u00f1ana o fines de semana.\u00a0<br \/><\/p><\/div><\/div><\/div><\/div><\/section><\/div> <a href=\"https:\/\/serviciolimpiezamadrid.net\/en\/limpieza-de-sala-de-exposicion-de-automoviles\/#more-866\" class=\"more-link elementor-more-link\"><span aria-label=\"Continue reading Servicio de limpieza de sala de exposici\u00f3n de autom\u00f3viles\">(more&hellip;)<\/span><\/a>","protected":false},"excerpt":{"rendered":"<p>SERVICIO DE LIMPIEZA DE SALA DE EXPOSICI\u00d3N DE AUTOM\u00d3VILES Las salas de exhibici\u00f3n de veh\u00edculos necesitan un aumento de atenci\u00f3n y cuidado para facilitar la concepci\u00f3n de la experiencia de sus clientes. Proporcionamos horarios flexibles a satisfacci\u00f3n de sus necesidades, tarde, pronto por la ma\u00f1ana o fines de semana.\u00a0<\/p>","protected":false},"author":7,"featured_media":0,"parent":0,"menu_order":0,"comment_status":"closed","ping_status":"closed","template":"","meta":{"_acf_changed":false,"footnotes":""},"class_list":["post-866","page","type-page","status-publish","hentry"],"acf":[],"yoast_head":"<!-- This site is optimized with the Yoast SEO Premium plugin v27.4 (Yoast SEO v27.5) - https:\/\/yoast.com\/product\/yoast-seo-premium-wordpress\/ -->\n<title>Servicio de limpieza de sala de exposici\u00f3n de autom\u00f3viles<\/title>\n<meta name=\"description\" content=\"Impulsa las ventas con una sala de exposici\u00f3n impecable. Ofrecemos servicios de limpieza de sala de exposici\u00f3n de autom\u00f3viles.\" \/>\n<meta name=\"robots\" content=\"index, follow, max-snippet:-1, max-image-preview:large, max-video-preview:-1\" \/>\n<link rel=\"canonical\" href=\"https:\/\/serviciolimpiezamadrid.net\/en\/limpieza-de-sala-de-exposicion-de-automoviles\/\" \/>\n<meta property=\"og:locale\" content=\"en_GB\" \/>\n<meta property=\"og:type\" content=\"article\" \/>\n<meta property=\"og:title\" content=\"Servicio de limpieza de sala de exposici\u00f3n de autom\u00f3viles\" \/>\n<meta property=\"og:description\" content=\"Impulsa las ventas con una sala de exposici\u00f3n impecable. Ofrecemos servicios de limpieza de sala de exposici\u00f3n de autom\u00f3viles.\" \/>\n<meta property=\"og:url\" content=\"https:\/\/serviciolimpiezamadrid.net\/en\/limpieza-de-sala-de-exposicion-de-automoviles\/\" \/>\n<meta property=\"og:site_name\" content=\"Servicios de limpieza\" \/>\n<meta property=\"article:modified_time\" content=\"2026-03-23T11:56:00+00:00\" \/>\n<meta property=\"og:image\" content=\"https:\/\/serviciolimpiezamadrid.net\/wp-content\/uploads\/2026\/03\/Diseno-sin-titulo-1-1-1024x576.png\" \/>\n<meta name=\"twitter:card\" content=\"summary_large_image\" \/>\n<meta name=\"twitter:label1\" content=\"Estimated reading time\" \/>\n\t<meta name=\"twitter:data1\" content=\"2 minutes\" \/>\n<script type=\"application\/ld+json\" class=\"yoast-schema-graph\">{\"@context\":\"https:\\\/\\\/schema.org\",\"@graph\":[{\"@type\":\"WebPage\",\"@id\":\"https:\\\/\\\/serviciolimpiezamadrid.net\\\/limpieza-de-sala-de-exposicion-de-automoviles\\\/\",\"url\":\"https:\\\/\\\/serviciolimpiezamadrid.net\\\/limpieza-de-sala-de-exposicion-de-automoviles\\\/\",\"name\":\"Servicio de limpieza de sala de exposici\u00f3n de autom\u00f3viles\",\"isPartOf\":{\"@id\":\"https:\\\/\\\/serviciolimpiezamadrid.net\\\/#website\"},\"primaryImageOfPage\":{\"@id\":\"https:\\\/\\\/serviciolimpiezamadrid.net\\\/limpieza-de-sala-de-exposicion-de-automoviles\\\/#primaryimage\"},\"image\":{\"@id\":\"https:\\\/\\\/serviciolimpiezamadrid.net\\\/limpieza-de-sala-de-exposicion-de-automoviles\\\/#primaryimage\"},\"thumbnailUrl\":\"https:\\\/\\\/serviciolimpiezamadrid.net\\\/wp-content\\\/uploads\\\/2026\\\/03\\\/Diseno-sin-titulo-1-1-1024x576.png\",\"datePublished\":\"2026-03-19T12:49:50+00:00\",\"dateModified\":\"2026-03-23T11:56:00+00:00\",\"description\":\"Impulsa las ventas con una sala de exposici\u00f3n impecable. Ofrecemos servicios de limpieza de sala de exposici\u00f3n de autom\u00f3viles.\",\"breadcrumb\":{\"@id\":\"https:\\\/\\\/serviciolimpiezamadrid.net\\\/limpieza-de-sala-de-exposicion-de-automoviles\\\/#breadcrumb\"},\"inLanguage\":\"en-GB\",\"potentialAction\":[{\"@type\":\"ReadAction\",\"target\":[\"https:\\\/\\\/serviciolimpiezamadrid.net\\\/limpieza-de-sala-de-exposicion-de-automoviles\\\/\"]}]},{\"@type\":\"ImageObject\",\"inLanguage\":\"en-GB\",\"@id\":\"https:\\\/\\\/serviciolimpiezamadrid.net\\\/limpieza-de-sala-de-exposicion-de-automoviles\\\/#primaryimage\",\"url\":\"https:\\\/\\\/serviciolimpiezamadrid.net\\\/wp-content\\\/uploads\\\/2026\\\/03\\\/Diseno-sin-titulo-1-1-1024x576.png\",\"contentUrl\":\"https:\\\/\\\/serviciolimpiezamadrid.net\\\/wp-content\\\/uploads\\\/2026\\\/03\\\/Diseno-sin-titulo-1-1-1024x576.png\"},{\"@type\":\"BreadcrumbList\",\"@id\":\"https:\\\/\\\/serviciolimpiezamadrid.net\\\/limpieza-de-sala-de-exposicion-de-automoviles\\\/#breadcrumb\",\"itemListElement\":[{\"@type\":\"ListItem\",\"position\":1,\"name\":\"Portada\",\"item\":\"https:\\\/\\\/serviciolimpiezamadrid.net\\\/\"},{\"@type\":\"ListItem\",\"position\":2,\"name\":\"Servicio de limpieza de sala de exposici\u00f3n de autom\u00f3viles\"}]},{\"@type\":\"WebSite\",\"@id\":\"https:\\\/\\\/serviciolimpiezamadrid.net\\\/#website\",\"url\":\"https:\\\/\\\/serviciolimpiezamadrid.net\\\/\",\"name\":\"Servicios de limpieza\",\"description\":\"Realizamos trabajos de limpieza profesional y eficaz para casas y oficinas. Nos enfocamos en ofrecer un entorno saludable y limpio, utilizando productos de calidad y muy respetuosos con el medio ambiente. Contacta con nosotros para obtener un presupuesto personalizado.\",\"publisher\":{\"@id\":\"https:\\\/\\\/serviciolimpiezamadrid.net\\\/#organization\"},\"alternateName\":\"servicio limpieza madrid\",\"potentialAction\":[{\"@type\":\"SearchAction\",\"target\":{\"@type\":\"EntryPoint\",\"urlTemplate\":\"https:\\\/\\\/serviciolimpiezamadrid.net\\\/?s={search_term_string}\"},\"query-input\":{\"@type\":\"PropertyValueSpecification\",\"valueRequired\":true,\"valueName\":\"search_term_string\"}}],\"inLanguage\":\"en-GB\"},{\"@type\":[\"Organization\",\"Place\"],\"@id\":\"https:\\\/\\\/serviciolimpiezamadrid.net\\\/#organization\",\"name\":\"Servicios de limpieza\",\"alternateName\":\"servicio limpieza madrid\",\"url\":\"https:\\\/\\\/serviciolimpiezamadrid.net\\\/\",\"logo\":{\"@id\":\"https:\\\/\\\/serviciolimpiezamadrid.net\\\/limpieza-de-sala-de-exposicion-de-automoviles\\\/#local-main-organization-logo\"},\"image\":{\"@id\":\"https:\\\/\\\/serviciolimpiezamadrid.net\\\/limpieza-de-sala-de-exposicion-de-automoviles\\\/#local-main-organization-logo\"},\"telephone\":[],\"openingHoursSpecification\":[{\"@type\":\"OpeningHoursSpecification\",\"dayOfWeek\":[\"Monday\",\"Tuesday\",\"Wednesday\",\"Thursday\",\"Friday\",\"Saturday\",\"Sunday\"],\"opens\":\"09:00\",\"closes\":\"17:00\"}]},{\"@type\":\"ImageObject\",\"inLanguage\":\"en-GB\",\"@id\":\"https:\\\/\\\/serviciolimpiezamadrid.net\\\/limpieza-de-sala-de-exposicion-de-automoviles\\\/#local-main-organization-logo\",\"url\":\"https:\\\/\\\/serviciolimpiezamadrid.net\\\/wp-content\\\/uploads\\\/2025\\\/05\\\/imagen_2025-05-28_130633773.png\",\"contentUrl\":\"https:\\\/\\\/serviciolimpiezamadrid.net\\\/wp-content\\\/uploads\\\/2025\\\/05\\\/imagen_2025-05-28_130633773.png\",\"width\":231,\"height\":208,\"caption\":\"Servicios de limpieza\"}]}<\/script>\n<!-- \/ Yoast SEO Premium plugin. -->","yoast_head_json":{"title":"Servicio de limpieza de sala de exposici\u00f3n de autom\u00f3viles","description":"Impulsa las ventas con una sala de exposici\u00f3n impecable. Ofrecemos servicios de limpieza de sala de exposici\u00f3n de autom\u00f3viles.","robots":{"index":"index","follow":"follow","max-snippet":"max-snippet:-1","max-image-preview":"max-image-preview:large","max-video-preview":"max-video-preview:-1"},"canonical":"https:\/\/serviciolimpiezamadrid.net\/en\/limpieza-de-sala-de-exposicion-de-automoviles\/","og_locale":"en_GB","og_type":"article","og_title":"Servicio de limpieza de sala de exposici\u00f3n de autom\u00f3viles","og_description":"Impulsa las ventas con una sala de exposici\u00f3n impecable. Ofrecemos servicios de limpieza de sala de exposici\u00f3n de autom\u00f3viles.","og_url":"https:\/\/serviciolimpiezamadrid.net\/en\/limpieza-de-sala-de-exposicion-de-automoviles\/","og_site_name":"Servicios de limpieza","article_modified_time":"2026-03-23T11:56:00+00:00","og_image":[{"url":"https:\/\/serviciolimpiezamadrid.net\/wp-content\/uploads\/2026\/03\/Diseno-sin-titulo-1-1-1024x576.png","type":"","width":"","height":""}],"twitter_card":"summary_large_image","twitter_misc":{"Estimated reading time":"2 minutes"},"schema":{"@context":"https:\/\/schema.org","@graph":[{"@type":"WebPage","@id":"https:\/\/serviciolimpiezamadrid.net\/limpieza-de-sala-de-exposicion-de-automoviles\/","url":"https:\/\/serviciolimpiezamadrid.net\/limpieza-de-sala-de-exposicion-de-automoviles\/","name":"Servicio de limpieza de sala de exposici\u00f3n de autom\u00f3viles","isPartOf":{"@id":"https:\/\/serviciolimpiezamadrid.net\/#website"},"primaryImageOfPage":{"@id":"https:\/\/serviciolimpiezamadrid.net\/limpieza-de-sala-de-exposicion-de-automoviles\/#primaryimage"},"image":{"@id":"https:\/\/serviciolimpiezamadrid.net\/limpieza-de-sala-de-exposicion-de-automoviles\/#primaryimage"},"thumbnailUrl":"https:\/\/serviciolimpiezamadrid.net\/wp-content\/uploads\/2026\/03\/Diseno-sin-titulo-1-1-1024x576.png","datePublished":"2026-03-19T12:49:50+00:00","dateModified":"2026-03-23T11:56:00+00:00","description":"Impulsa las ventas con una sala de exposici\u00f3n impecable. Ofrecemos servicios de limpieza de sala de exposici\u00f3n de autom\u00f3viles.","breadcrumb":{"@id":"https:\/\/serviciolimpiezamadrid.net\/limpieza-de-sala-de-exposicion-de-automoviles\/#breadcrumb"},"inLanguage":"en-GB","potentialAction":[{"@type":"ReadAction","target":["https:\/\/serviciolimpiezamadrid.net\/limpieza-de-sala-de-exposicion-de-automoviles\/"]}]},{"@type":"ImageObject","inLanguage":"en-GB","@id":"https:\/\/serviciolimpiezamadrid.net\/limpieza-de-sala-de-exposicion-de-automoviles\/#primaryimage","url":"https:\/\/serviciolimpiezamadrid.net\/wp-content\/uploads\/2026\/03\/Diseno-sin-titulo-1-1-1024x576.png","contentUrl":"https:\/\/serviciolimpiezamadrid.net\/wp-content\/uploads\/2026\/03\/Diseno-sin-titulo-1-1-1024x576.png"},{"@type":"BreadcrumbList","@id":"https:\/\/serviciolimpiezamadrid.net\/limpieza-de-sala-de-exposicion-de-automoviles\/#breadcrumb","itemListElement":[{"@type":"ListItem","position":1,"name":"Portada","item":"https:\/\/serviciolimpiezamadrid.net\/"},{"@type":"ListItem","position":2,"name":"Servicio de limpieza de sala de exposici\u00f3n de autom\u00f3viles"}]},{"@type":"WebSite","@id":"https:\/\/serviciolimpiezamadrid.net\/#website","url":"https:\/\/serviciolimpiezamadrid.net\/","name":"Servicios de limpieza","description":"Realizamos trabajos de limpieza profesional y eficaz para casas y oficinas. Nos enfocamos en ofrecer un entorno saludable y limpio, utilizando productos de calidad y muy respetuosos con el medio ambiente. Contacta con nosotros para obtener un presupuesto personalizado.","publisher":{"@id":"https:\/\/serviciolimpiezamadrid.net\/#organization"},"alternateName":"servicio limpieza madrid","potentialAction":[{"@type":"SearchAction","target":{"@type":"EntryPoint","urlTemplate":"https:\/\/serviciolimpiezamadrid.net\/?s={search_term_string}"},"query-input":{"@type":"PropertyValueSpecification","valueRequired":true,"valueName":"search_term_string"}}],"inLanguage":"en-GB"},{"@type":["Organization","Place"],"@id":"https:\/\/serviciolimpiezamadrid.net\/#organization","name":"Servicios de limpieza","alternateName":"servicio limpieza madrid","url":"https:\/\/serviciolimpiezamadrid.net\/","logo":{"@id":"https:\/\/serviciolimpiezamadrid.net\/limpieza-de-sala-de-exposicion-de-automoviles\/#local-main-organization-logo"},"image":{"@id":"https:\/\/serviciolimpiezamadrid.net\/limpieza-de-sala-de-exposicion-de-automoviles\/#local-main-organization-logo"},"telephone":[],"openingHoursSpecification":[{"@type":"OpeningHoursSpecification","dayOfWeek":["Monday","Tuesday","Wednesday","Thursday","Friday","Saturday","Sunday"],"opens":"09:00","closes":"17:00"}]},{"@type":"ImageObject","inLanguage":"en-GB","@id":"https:\/\/serviciolimpiezamadrid.net\/limpieza-de-sala-de-exposicion-de-automoviles\/#local-main-organization-logo","url":"https:\/\/serviciolimpiezamadrid.net\/wp-content\/uploads\/2025\/05\/imagen_2025-05-28_130633773.png","contentUrl":"https:\/\/serviciolimpiezamadrid.net\/wp-content\/uploads\/2025\/05\/imagen_2025-05-28_130633773.png","width":231,"height":208,"caption":"Servicios de limpieza"}]}},"_links":{"self":[{"href":"https:\/\/serviciolimpiezamadrid.net\/en\/wp-json\/wp\/v2\/pages\/866","targetHints":{"allow":["GET"]}}],"collection":[{"href":"https:\/\/serviciolimpiezamadrid.net\/en\/wp-json\/wp\/v2\/pages"}],"about":[{"href":"https:\/\/serviciolimpiezamadrid.net\/en\/wp-json\/wp\/v2\/types\/page"}],"author":[{"embeddable":true,"href":"https:\/\/serviciolimpiezamadrid.net\/en\/wp-json\/wp\/v2\/users\/7"}],"replies":[{"embeddable":true,"href":"https:\/\/serviciolimpiezamadrid.net\/en\/wp-json\/wp\/v2\/comments?post=866"}],"version-history":[{"count":0,"href":"https:\/\/serviciolimpiezamadrid.net\/en\/wp-json\/wp\/v2\/pages\/866\/revisions"}],"wp:attachment":[{"href":"https:\/\/serviciolimpiezamadrid.net\/en\/wp-json\/wp\/v2\/media?parent=866"}],"curies":[{"name":"wp","href":"https:\/\/api.w.org\/{rel}","templated":true}]}}